{"id":41,"date":"2016-08-31T19:45:07","date_gmt":"2016-08-31T17:45:07","guid":{"rendered":"http:\/\/www.staniszewscy.pl\/?page_id=41"},"modified":"2019-11-06T12:10:37","modified_gmt":"2019-11-06T11:10:37","slug":"kontakt","status":"publish","type":"page","link":"https:\/\/www.staniszewscy.pl\/index.php\/kontakt\/","title":{"rendered":"Kontakt"},"content":{"rendered":"<p style=\"text-align: center;\"><strong>Laboratorium wzorcuj\u0105ce i serwis przyrz\u0105d\u00f3w pomiarowych<\/strong><\/p>\n<p><img decoding=\"async\" loading=\"lazy\" class=\"aligncenter wp-image-167\" src=\"http:\/\/www.staniszewscy.pl\/wp-content\/uploads\/2016\/08\/Staniszewski-logo-1024x144.jpg\" alt=\"Staniszewski logo\" width=\"398\" height=\"56\" srcset=\"https:\/\/www.staniszewscy.pl\/wp-content\/uploads\/2016\/08\/Staniszewski-logo-1024x144.jpg 1024w, https:\/\/www.staniszewscy.pl\/wp-content\/uploads\/2016\/08\/Staniszewski-logo-300x42.jpg 300w, https:\/\/www.staniszewscy.pl\/wp-content\/uploads\/2016\/08\/Staniszewski-logo-768x108.jpg 768w\" sizes=\"(max-width: 398px) 100vw, 398px\" \/><\/p>\n<p style=\"text-align: center;\"><strong>STANISZEWSKI<\/strong><br \/>\nul. Lanciego 7 lok. 49<br \/>\n02-792 Warszawa<\/p>\n<p style=\"text-align: center;\">NIP: 9512175411<\/p>\n<p>&nbsp;<\/p>\n<p style=\"text-align: center;\">E-mail: staniszewscy@post.pl<\/p>\n<p style=\"text-align: center;\">Tel: 604 580 809<\/p>\n<p style=\"text-align: center;\">Tel: 602 786 876<\/p>\n<p>&nbsp;<\/p>\n<p style=\"text-align: center;\"><strong>Godziny pracy laboratorium:<\/strong><\/p>\n<p style=\"text-align: center;\">Poniedzia\u0142ek &#8211; Czwartek: 9.00-15.00<\/p>\n<p style=\"text-align: center;\">Pi\u0105tek: 9.00-12.00<\/p>\n<p style=\"text-align: center;\"><a href=\"https:\/\/www.facebook.com\/laboratoriumstaniszewski\/\"><img decoding=\"async\" loading=\"lazy\" class=\"wp-image-93 aligncenter\" src=\"http:\/\/www.staniszewscy.pl\/wp-content\/uploads\/2016\/08\/facebook-flat-vector-logo-400x400-300x300.png\" alt=\"facebook-flat-vector-logo-400x400\" width=\"96\" height=\"96\" srcset=\"https:\/\/www.staniszewscy.pl\/wp-content\/uploads\/2016\/08\/facebook-flat-vector-logo-400x400-300x300.png 300w, https:\/\/www.staniszewscy.pl\/wp-content\/uploads\/2016\/08\/facebook-flat-vector-logo-400x400-150x150.png 150w, https:\/\/www.staniszewscy.pl\/wp-content\/uploads\/2016\/08\/facebook-flat-vector-logo-400x400.png 400w\" sizes=\"(max-width: 96px) 100vw, 96px\" \/><\/a><\/p>\n<p>&nbsp;<\/p>\n","protected":false},"excerpt":{"rendered":"<p>Laboratorium wzorcuj\u0105ce i serwis przyrz\u0105d\u00f3w pomiarowych STANISZEWSKI ul. Lanciego 7 lok. 49 02-792 Warszawa NIP: 9512175411 &nbsp; E-mail: staniszewscy@post.pl Tel: 604 580 809 Tel: 602 786 876 &nbsp; Godziny pracy laboratorium: Poniedzia\u0142ek &#8211; Czwartek: 9.00-15.00 Pi\u0105tek: 9.00-12.00 &nbsp;<\/p>\n","protected":false},"author":1,"featured_media":0,"parent":0,"menu_order":0,"comment_status":"closed","ping_status":"closed","template":"","meta":[],"_links":{"self":[{"href":"https:\/\/www.staniszewscy.pl\/index.php\/wp-json\/wp\/v2\/pages\/41"}],"collection":[{"href":"https:\/\/www.staniszewscy.pl\/index.php\/wp-json\/wp\/v2\/pages"}],"about":[{"href":"https:\/\/www.staniszewscy.pl\/index.php\/wp-json\/wp\/v2\/types\/page"}],"author":[{"embeddable":true,"href":"https:\/\/www.staniszewscy.pl\/index.php\/wp-json\/wp\/v2\/users\/1"}],"replies":[{"embeddable":true,"href":"https:\/\/www.staniszewscy.pl\/index.php\/wp-json\/wp\/v2\/comments?post=41"}],"version-history":[{"count":11,"href":"https:\/\/www.staniszewscy.pl\/index.php\/wp-json\/wp\/v2\/pages\/41\/revisions"}],"predecessor-version":[{"id":208,"href":"https:\/\/www.staniszewscy.pl\/index.php\/wp-json\/wp\/v2\/pages\/41\/revisions\/208"}],"wp:attachment":[{"href":"https:\/\/www.staniszewscy.pl\/index.php\/wp-json\/wp\/v2\/media?parent=41"}],"curies":[{"name":"wp","href":"https:\/\/api.w.org\/{rel}","templated":true}]}}